{"id":3,"date":"2025-01-10T09:21:40","date_gmt":"2025-01-10T09:21:40","guid":{"rendered":"https:\/\/go-japan.md\/?page_id=3"},"modified":"2025-04-02T07:17:55","modified_gmt":"2025-04-02T07:17:55","slug":"termenii-si-conditiile","status":"publish","type":"page","link":"https:\/\/go-japan.md\/ro\/termenii-si-conditiile\/","title":{"rendered":"Termeni \u0219i Condi\u021bii"},"content":{"rendered":"<div class=\"default_content break-words whitespace-normal\">\n<p style=\"text-align: left;\">Prezen\u021bii Termeni \u0219i Condi\u021bii de utilizare a magazinului online <strong>www.m-mest.com <\/strong>sunt aplicabile comenzilor pentru achizi\u021bionarea produselor\/serviciilor oferite de compania <strong>MARTEST S.R.L .<\/strong>prin intermediul site-ului.<\/p>\n<p class=\"MsoNormal\">Pentru folosirea \u00een bune condi\u021bii a site-ului, v\u0103 recomand\u0103m familiarizarea cu aten\u021bie a Termenilor \u0219i Condi\u021bii-lor prezentate. Ne rezerv\u0103m dreptul de a face modific\u0103ri ale acestor prevederi, f\u0103r\u0103 o notificare prealabil\u0103.<\/p>\n<p>&nbsp;<\/p>\n<h2><strong>DISPOZI\u021aII GENERALE<\/strong><\/h2>\n<p>&nbsp;<\/p>\n<p>Acest site este de\u021binut de\u00a0<strong>MARTEST S.R.L<\/strong>. La \u00eenregistrarea comenzii in magazinul online, Cump\u0103r\u0103torul \u00a0accepta Termeni si Condi\u021biile de v\u00e2nzare a bunurilor\/produselor \u0219i\/sau prestare a serviciilor \u00a0care sunt baza\u021bi pe legisla\u021bia RM (in continuare \u2013 Termeni \u0219i Condi\u021bii) prezentate mai jos.<br \/>\nUtilizarea website-ului presupune acceptarea Termeni si Condi\u021bii propuse de c\u0103tre<strong> MARTEST S.R.L<\/strong>. \u00een conformitate cu <strong>Legea nr.284\/2004 <\/strong>privind Comer\u021bul Electronic. Rela\u021biile dintre client si v\u00e2nz\u0103tor sunt stabilite \u00een baza Legii nr.105\/2003 cu privire la Protec\u021bia drepturilor consumatorului, si a altor acte normative adoptate \u00een conformitate cu aceasta.<br \/>\nV\u00e2nz\u0103torul \u00ee\u0219i rezerva dreptul de a modifica Termenii si Condi\u021biile date, iar Cump\u0103r\u0103torul este obligat sa monitorizeze modific\u0103rile.<\/p>\n<p>&nbsp;<\/p>\n<p>&nbsp;<\/p>\n<h2><strong>PROTEC\u021aIA DATELOR CU CARACTER PERSONAL<\/strong><\/h2>\n<p>&nbsp;<\/p>\n<p>Prin utilizarea site-ului\u00a0<strong>www.m-mest.com<\/strong> , sunte\u021bi de acord \u00een mod automat cu colectarea \u0219i prelucrarea datelor cu caracter personal, care sunt necesare pentru procesarea\/confirmarea\/executarea comenzilor.<br \/>\nDatele personale se prelucreaz\u0103 doar pentru scopuri legitime, precum acela de a furniza produsele pe care le comanzi, promo\u021bii, google analytics, cookies \u0219i notific\u0103ri\\newsletter.<br \/>\nToat\u0103 informa\u021bia ce con\u021bine date cu caracter personal este stocat\u0103 \u0219i utilizat\u0103 doar pentru perioada necesar\u0103 atingerii scopurilor pentru care a fost colectat\u0103 \u0219i \u00een conformitate cu prevederile stabilite de Legea nr. 133\/2011 privind protec\u021bia datelor cu caracter personal.<br \/>\nNoi folosim m\u0103suri de securitate comerciale pentru a preveni accesul neautorizat, men\u021binerea exactit\u0103\u021bii date-lor \u0219i pentru asigurarea utiliz\u0103rii corecte a informa\u021biei de pe site. Transmiterea datelor pe internet sau prin re\u021bea wireless nu poate fi protejata \u00een totalitate. Prin urmare, la fel ca alte companii, noi nu putem garanta securitatea informa\u021biei pe care o ofer\u0103 Cump\u0103r\u0103torului, astfel, el va face acest lucru pe propria r\u0103spundere.<\/p>\n<p>&nbsp;<\/p>\n<\/div>\n<p>&nbsp;<\/p>\n<div class=\"default_content break-words whitespace-normal\">\n<h2><strong>ACHITAREA SUBSCRIPTIEI<\/strong><\/h2>\n<p>&nbsp;<\/p>\n<p>Achitarea comenzilor este posibil\u0103 cu cardul de plat\u0103 \u2013 la primirea comenzii ve\u021bi primi bonul fiscal ce va confirma plata.<br \/>\nPlata online se face \u00een condi\u021bii de siguran\u021ba maxima folosind ca instrument de plat\u0103 cardul de plat\u0103, care permite efectuarea de tranzac\u021bii online. Dup\u0103 efectuarea pl\u0103\u021bii ve\u021bi primi o confirmare de plata pe adresa dvs. de email.<br \/>\nProcesatorul de plata folose\u0219te un sistem securizat, bazat pe ultima versiunea a standardului de securitate 3D-Secure ceea ce \u00eenseamn\u0103 o nou\u0103 abordare global\u0103 a autentific\u0103rii cump\u0103r\u0103torilor \u00een tranzac\u021bii sigure online. Aceasta m\u0103sura de siguran\u021ba presupune redirec\u021bionarea utilizatorului \u00een momentul efectu\u0103rii pla\u021bii pe o pagina securizata maib unde autentificarea fiec\u0103rui de\u021bin\u0103tor de card se face prin atribuirea unui cod de unic\u0103 folosin\u021be pentru fiecare tranzac\u021bie online.<br \/>\nRambursarea mijloacelor b\u0103ne\u0219ti se efectueaz\u0103 doar pe cardul de plat\u0103 care a fost folosit pentru achizi\u021bie.<br \/>\nPentru a efectua o plat\u0103, va trebui s\u0103 introduce\u021bi detaliile cardului dvs. bancar. Transferul acestor informa\u021bii se face \u00een conformitate cu toate m\u0103surile de securitate necesare. Informa\u021biile sunt transmise \u00een form\u0103 criptat\u0103 \u0219i sunt stocate numai pe un server specializat al sistemului de pl\u0103\u021bi.<\/p>\n<p>Pentru efectuarea pl\u0103\u021bii vor fi solicitate urm\u0103toarele date:<br \/>\no \u00a0 \u00a0Num\u0103rul cardului (16 cifre)<br \/>\no \u00a0 \u00a0Data expir\u0103rii (luna \u0219i anul)<br \/>\no \u00a0 \u00a0Codul CVC sau CVV (3 cifre)<br \/>\no \u00a0 \u00a0Numele \u0219i prenumele de pe cardul de plat\u0103<br \/>\n\u00cen cazul \u00een care valuta cardului difer\u0103 de valuta tranzac\u021biei (MDL), atunci la convertirea sumei re\u021binute din contul de card se vor aplica condi\u021biile b\u0103ncii emitente.<\/p>\n<p>&nbsp;<\/p>\n<p>&nbsp;<\/p>\n<h2><strong>DREPTUL LA RETUR \u00a0<\/strong><\/h2>\n<p>&nbsp;<\/p>\n<p>Conform no\u021biunii din Legea nr. 105-XV din 13 martie 2013 privind protec\u021bia consumatorilor Cump\u0103r\u0103torul are dreptul de a returna produs\/marfa procurat\u0103 din anumite motive \u00een timp de 14 zile de la ziua achit\u0103rii. Mijloacele b\u0103ne\u0219ti sunt returnate pe cardul de pe care s-a efectuat cump\u0103r\u0103tura.<\/p>\n<p>Articolele de abonament nu pot fi schimbate sau returnate, \u00een conformitate cu \u00a0Anexa nr.2 a Hot\u0103r\u00e2rii Guvernului \u21161465 din 08.12.2003 (MO248-253\/19.12.2003), \u00een redac\u021bia Hot\u0103r\u00e2rii Guvernului \u21161188 din 02.11.2007 (\u041c\u041e175\/09.11.2007).<\/p>\n<p>Contactele companiei in caz de retur:<strong>+373 76 788 151<\/strong><br \/>\nTermenul de procesare a cererii de retur: <strong>14 zile<\/strong><br \/>\nCondi\u021biile de retur:<strong>000000<br \/>\n<\/strong><\/p>\n<p>&nbsp;<\/p>\n<p>&nbsp;<\/p>\n<h2><strong>POLITICA DE CONFIDEN\u021aIALITATE<\/strong><\/h2>\n<p>&nbsp;<\/p>\n<p>\u00cen conformitate cu prevederile <strong>Legii Nr.133\/2011<\/strong> privind protec\u021bia datelor cu caracter personal, furnizorul de servicii prelucreaz\u0103 date cu caracter personal. Datele cu caracter personal sunt prelucrate cu buna-credin\u021b\u0103 \u0219i se face \u00een temeiul \u0219i \u00een conformitate cu prevederile legale. Prelucrarea datelor cu caracter personal se realizeaz\u0103 prin mijloace mixte (automate \u0219i manuale), cu respectarea cerin\u021belor legale \u0219i \u00een condi\u021bii care s\u0103 asigure securitatea, confiden\u021bialitatea \u0219i respectarea drepturilor persoanelor vizate.<\/p>\n<p>Furnizorul colecteaz\u0103 \u0219i prelucreaz\u0103 doar datele personale furnizate de consumatori la efectuarea comenzii: nume, prenume, num\u0103r de telefon, adresa, adresa po\u0219tal\u0103.<br \/>\nDatele personale sunt utilizate exclusiv \u00een scopul administr\u0103rii site-ului, pentru a permite accesul la informa\u021bii special, pentru livrarea comenzilor sau pentru a contacta consumatorul \u00een vederea execut\u0103rii livr\u0103rii. Prin prezenta informare, utilizatorii \u0219i consumatorii iau cuno\u0219tin\u021b\u0103 despre faptul c\u0103 li se vor prelucra \u0219i utiliza datele cu caracter personal (nume, prenume, num\u0103r de telefon, adresa, adresa po\u0219tal\u0103). Furnizorul de servicii prelucreaz\u0103 datele cu caracter personal ale utilizatorilor \u0219i consumatorilor care sunt furnizate prin navigarea, folosirea \u0219i \u00eenregistrarea pe site-ul www.m-mest.com<br \/>\nOrice informa\u021bie furnizat\u0103 de c\u0103tre utilizatorii \u0219i consumatorii site-ului<strong> www.m-mest.com,<\/strong> va fi considerat\u0103 \u0219i va reprezenta consim\u021b\u0103m\u00e2ntul expres ca datele personale s\u0103 fie folosite de Furnizor.<\/p>\n<p>Furnizorul nu va dezv\u0103lui unei ter\u021be p\u0103r\u021bi niciuna dintre datele de\u021binute, f\u0103r\u0103 acordul persoanelor vizate \u0219i nu va comercializa, schimba, divulga aceste date cu alte persoane, cu excep\u021biile prev\u0103zute de legisla\u021bia \u00een vigoare (la solicitarea institu\u021biilor publice ale statului, organele de drept, instan\u021belor de judecat\u0103, de asemenea autorizate s\u0103 prelucreze date cu caracter personal).<br \/>\nDatele cu caracter personal pot fi prelucrate \u0219i utilizate de c\u0103tre Furnizor \u0219i \u00een scopuri statistice \u0219i de promovare ulterioar\u0103.<br \/>\nFurnizorul de servicii \u00eendepline\u0219te cerin\u021bele de securitate a datelor cu caracter personal \u0219i asigur\u0103 protec\u021bia datelor consumatorilor \u0219i le protejeaz\u0103 pentru a nu fi pierdute, distruse, distorsionate\/falsificate sau divulgate ter\u021belor persoane.<\/p>\n<p>Angaja\u021bii furnizorului de servicii sunt obliga\u021bi s\u0103 respecte confiden\u021bialitatea datelor personale ale consumatorilor. Prelucrarea datelor cu caracter personal va fi realizat\u0103 de persoana \u00eemputernicit\u0103 a Furnizorului.<br \/>\nFurnizorul utilizeaz\u0103 metode \u0219i tehnologii de securitate conform prevederilor legale \u00een vigoare.<br \/>\nFurnizorul nu colecteaz\u0103 informa\u021bii referitoare la tranzac\u021bii, cum ar fi nr. la card, data expir\u0103rii, \u021bara de origine.<br \/>\nPentru mai multe detalii \u0219i informa\u021bii orice persoan\u0103 interesat\u0103 se poate adresa printr-un email la <strong>info@m-mest.com<\/strong>\u00a0sau prin telefon la num\u0103rul <strong>+373 76 788 151<\/strong><\/p>\n<p>&nbsp;<\/p>\n<p>&nbsp;<\/p>\n<h2><strong>DATELE DE CONTACT<\/strong><\/h2>\n<p>Denumirea juridica a companiei: <strong>MARTEST S.R.L.<\/strong><br \/>\nIDNO: <strong>1024609006572<\/strong><br \/>\nAdresa juridica:<strong> Nisporeni, V\u0103rz\u0103re\u015fti<\/strong><br \/>\nAdresa fizica: <strong>Nisporeni, V\u0103rz\u0103re\u015fti<\/strong><br \/>\nTelefon de contact:<strong>+373 76 788 151<\/strong><br \/>\nEmail de contact: <strong>info@m-mest.com<\/strong><\/p>\n<p>&nbsp;<\/p>\n<\/div>","protected":false},"excerpt":{"rendered":"<p>Prezen\u021bii Termeni \u0219i Condi\u021bii de utilizare a magazinului online www.m-mest.com sunt aplicabile comenzilor pentru achizi\u021bionarea produselor\/serviciilor oferite de compania MARTEST S.R.L .prin intermediul site-ului. Pentru folosirea \u00een bune condi\u021bii a site-ului, v\u0103 recomand\u0103m familiarizarea cu aten\u021bie a Termenilor \u0219i Condi\u021bii-lor prezentate. Ne rezerv\u0103m dreptul de a face modific\u0103ri ale acestor prevederi, f\u0103r\u0103 o notificare prealabil\u0103. [&hellip;]<\/p>","protected":false},"author":1,"featured_media":0,"parent":0,"menu_order":0,"comment_status":"closed","ping_status":"open","template":"","meta":{"_acf_changed":false,"footnotes":""},"class_list":["post-3","page","type-page","status-publish","format-standard","hentry"],"acf":[],"_links":{"self":[{"href":"https:\/\/go-japan.md\/ro\/wp-json\/wp\/v2\/pages\/3","targetHints":{"allow":["GET"]}}],"collection":[{"href":"https:\/\/go-japan.md\/ro\/wp-json\/wp\/v2\/pages"}],"about":[{"href":"https:\/\/go-japan.md\/ro\/wp-json\/wp\/v2\/types\/page"}],"author":[{"embeddable":true,"href":"https:\/\/go-japan.md\/ro\/wp-json\/wp\/v2\/users\/1"}],"replies":[{"embeddable":true,"href":"https:\/\/go-japan.md\/ro\/wp-json\/wp\/v2\/comments?post=3"}],"version-history":[{"count":8,"href":"https:\/\/go-japan.md\/ro\/wp-json\/wp\/v2\/pages\/3\/revisions"}],"predecessor-version":[{"id":472,"href":"https:\/\/go-japan.md\/ro\/wp-json\/wp\/v2\/pages\/3\/revisions\/472"}],"wp:attachment":[{"href":"https:\/\/go-japan.md\/ro\/wp-json\/wp\/v2\/media?parent=3"}],"curies":[{"name":"wp","href":"https:\/\/api.w.org\/{rel}","templated":true}]}}